{"id":21554,"date":"2017-07-06T12:27:25","date_gmt":"2017-07-06T12:27:25","guid":{"rendered":"http:\/\/www.globalcv.es\/?page_id=21554\/"},"modified":"2018-02-20T12:35:24","modified_gmt":"2018-02-20T12:35:24","slug":"becas-y-empleo","status":"publish","type":"page","link":"http:\/\/www.globalcv.es\/va\/com-et-donem-suport\/becas-y-empleo\/","title":{"rendered":"BEQUES I OCUPACI\u00d3"},"content":{"rendered":"<p>[vc_row row_type=&#8221;row&#8221; use_row_as_full_screen_section=&#8221;no&#8221; type=&#8221;full_width&#8221; text_align=&#8221;left&#8221; css_animation=&#8221;&#8221; css=&#8221;.vc_custom_1513599837558{margin-bottom: 20px !important;padding-top: 10px !important;padding-bottom: 50px !important;background-color: #ffffff !important;border-radius: 10px !important;}&#8221;][vc_column][vc_column_text css=&#8221;.vc_custom_1517561934285{background-color: #ffffff !important;}&#8221;]<\/p>\n<h5><strong><a href=\"http:\/\/www.ivace.es\/index.php?option=com_content&amp;view=article&amp;id=6456:beques-ivace-exterior-2018&amp;catid=361:becas&amp;lang=ca&amp;Itemid=100442\">BEQUES IVACE EXTERIOR<\/a><a href=\"http:\/\/www.ivace.es\/index.php?option=com_content&amp;view=article&amp;id=6456:beques-ivace-exterior-2018&amp;catid=361:becas&amp;lang=ca&amp;Itemid=100442\"><img decoding=\"async\" loading=\"lazy\" class=\"alignright wp-image-21956\" src=\"http:\/\/www.globalcv.es\/wp-content\/uploads\/2017\/07\/imagen-becas-IVACE-1024x528.png\" alt=\"\" width=\"516\" height=\"266\" srcset=\"http:\/\/www.globalcv.es\/wp-content\/uploads\/2017\/07\/imagen-becas-IVACE.png 1024w, http:\/\/www.globalcv.es\/wp-content\/uploads\/2017\/07\/imagen-becas-IVACE-300x155.png 300w, http:\/\/www.globalcv.es\/wp-content\/uploads\/2017\/07\/imagen-becas-IVACE-768x396.png 768w, http:\/\/www.globalcv.es\/wp-content\/uploads\/2017\/07\/imagen-becas-IVACE-700x361.png 700w\" sizes=\"(max-width: 516px) 100vw, 516px\" \/><\/a><\/strong><\/h5>\n<p>70 beques dirigides a persones amb grau o llicenciatura universit\u00e0ria menors de 30 anys i desocupat.<\/p>\n<p>&nbsp;<\/p>\n<h5><a href=\"http:\/\/www.ivace.es\/index.php?option=com_content&amp;view=article&amp;id=6417:beques-ivace-e-e-exportacion-i-ocupacio-2018&amp;catid=361:becas&amp;lang=ca&amp;Itemid=100442\"><strong>BEQUES IVACE E+E (FP)<\/strong><\/a><\/h5>\n<p>40 beques dirigides a t\u00e8cnics superiors de Formaci\u00f3 Professional de les fam\u00edlies de l\u2019Administraci\u00f3 i Gesti\u00f3 o Comer\u00e7 i Marketing.<\/p>\n<p>&nbsp;<\/p>\n<h5><a href=\"http:\/\/www.icex.es\/icex\/es\/navegacion-principal\/todos-nuestros-servicios\/formacion\/becas\/conoce-las-becas-icex\/index.html\" target=\"_blank\" rel=\"noopener\"><strong>Beques ICEX <\/strong><\/a><\/h5>\n<p>Beques per a titulats superiors i programa de becaris per a empreses: formaci\u00f3 en la xarxa d\u2019Oficines econ\u00f2miques i comercials d\u2019Espanya a l\u2019exterior.<\/p>\n<p>&nbsp;<\/p>\n<h5><a href=\"http:\/\/exportjobs.ivace.es\/exportjobs\/welcome;jsessionid=C08E7860F6ACC5407451D6FB21C3FC38\"><strong>ExportJobs<\/strong><\/a><\/h5>\n<p>Plataforma online creada per a canalitzar l\u2019oferta i demanda d\u2019ocupacio\u00f3 de personal especialitzat en internacionalitzaci\u00f3.[\/vc_column_text][\/vc_column][\/vc_row]<\/p>\n","protected":false},"excerpt":{"rendered":"<p>[vc_row row_type=&#8221;row&#8221; use_row_as_full_screen_section=&#8221;no&#8221; type=&#8221;full_width&#8221; text_align=&#8221;left&#8221; css_animation=&#8221;&#8221; css=&#8221;.vc_custom_1513599837558{margin-bottom: 20px !important;padding-top: 10px !important;padding-bottom: 50px !important;background-color: #ffffff !important;border-radius: 10px !important;}&#8221;][vc_column][vc_column_text css=&#8221;.vc_custom_1517561934285{background-color: #ffffff !important;}&#8221;] BEQUES IVACE EXTERIOR 70 beques dirigides a persones amb grau o llicenciatura universit\u00e0ria menors de 30 anys i desocupat. &nbsp; BEQUES IVACE E+E (FP) 40&#8230;<\/p>\n","protected":false},"author":2,"featured_media":0,"parent":21546,"menu_order":0,"comment_status":"closed","ping_status":"closed","template":"","meta":[],"_links":{"self":[{"href":"http:\/\/www.globalcv.es\/va\/wp-json\/wp\/v2\/pages\/21554"}],"collection":[{"href":"http:\/\/www.globalcv.es\/va\/wp-json\/wp\/v2\/pages"}],"about":[{"href":"http:\/\/www.globalcv.es\/va\/wp-json\/wp\/v2\/types\/page"}],"author":[{"embeddable":true,"href":"http:\/\/www.globalcv.es\/va\/wp-json\/wp\/v2\/users\/2"}],"replies":[{"embeddable":true,"href":"http:\/\/www.globalcv.es\/va\/wp-json\/wp\/v2\/comments?post=21554"}],"version-history":[{"count":10,"href":"http:\/\/www.globalcv.es\/va\/wp-json\/wp\/v2\/pages\/21554\/revisions"}],"predecessor-version":[{"id":22136,"href":"http:\/\/www.globalcv.es\/va\/wp-json\/wp\/v2\/pages\/21554\/revisions\/22136"}],"up":[{"embeddable":true,"href":"http:\/\/www.globalcv.es\/va\/wp-json\/wp\/v2\/pages\/21546"}],"wp:attachment":[{"href":"http:\/\/www.globalcv.es\/va\/wp-json\/wp\/v2\/media?parent=21554"}],"curies":[{"name":"wp","href":"https:\/\/api.w.org\/{rel}","templated":true}]}}