{"id":21558,"date":"2017-07-07T09:05:50","date_gmt":"2017-07-07T09:05:50","guid":{"rendered":"http:\/\/www.globalcv.es\/?page_id=21558\/"},"modified":"2018-01-31T10:56:05","modified_gmt":"2018-01-31T10:56:05","slug":"formem-al-teu-equip","status":"publish","type":"page","link":"http:\/\/www.globalcv.es\/va\/com-et-donem-suport\/formem-al-teu-equip\/","title":{"rendered":"FORMEM AL TEU EQUIP"},"content":{"rendered":"<p>[vc_row row_type=&#8221;row&#8221; use_row_as_full_screen_section=&#8221;no&#8221; type=&#8221;full_width&#8221; text_align=&#8221;left&#8221; css_animation=&#8221;&#8221; css=&#8221;.vc_custom_1499343110681{margin-bottom: 20px !important;padding-top: 10px !important;padding-bottom: 10px !important;background-color: #ffffff !important;border-radius: 10px !important;}&#8221;][vc_column width=&#8221;1\/2&#8243;][vc_column_text css=&#8221;.vc_custom_1517396062550{background-color: #ffffff !important;}&#8221;]<\/p>\n<h5 style=\"text-align: center;\"><a href=\"http:\/\/www.agendainternacionalcv.com\"><strong>Jornades i Seminaris t\u00e8cnics<\/strong><\/a><\/h5>\n<p>&nbsp;<\/p>\n<p>S\u00f3n les ferramentes perfectes per a una primera\u00a0presa de contacte o aprofundiment sobre els mercats d&#8217;oportunitat en qu\u00e8 estigues interessat.[\/vc_column_text][\/vc_column][vc_column width=&#8221;1\/2&#8243;][vc_column_text css=&#8221;.vc_custom_1517396070861{background-color: #ffffff !important;}&#8221;]<\/p>\n<h5 style=\"text-align: center;\"><strong><a href=\"https:\/\/www.icex-ceco.es\/portal\/\" target=\"_blank\" rel=\"noopener\">CECO<\/a> + <a href=\"http:\/\/www.icex.es\/icex\/es\/navegacion-principal\/todos-nuestros-servicios\/formacion\/aula-virtual\/index.html\" target=\"_blank\" rel=\"noopener\">Aula Virtual ICEX<\/a><\/strong><\/h5>\n<p>&nbsp;<\/p>\n<p>Impuls a la formaci\u00f3 de capital hum\u00e0 per a la internacionalitzaci\u00f3, tant de personal de les administracions p\u00fabliques, com dels responsables i gestors d&#8217;empreses, associacions empresarials i altres ens p\u00fablics o privats, aix\u00ed com tamb\u00e9 dels j\u00f3vens que aspiren a desenvolupar en un futur una professi\u00f3 vinculada a l&#8217;economia internacional.[\/vc_column_text][\/vc_column][\/vc_row][vc_row row_type=&#8221;row&#8221; use_row_as_full_screen_section=&#8221;no&#8221; type=&#8221;full_width&#8221; text_align=&#8221;left&#8221; css_animation=&#8221;&#8221; css=&#8221;.vc_custom_1499343077372{margin-top: 10px !important;margin-bottom: 10px !important;}&#8221;][vc_column][vc_separator type=&#8221;normal&#8221; border_style=&#8221;&#8221;][\/vc_column][\/vc_row]<\/p>\n","protected":false},"excerpt":{"rendered":"<p>[vc_row row_type=&#8221;row&#8221; use_row_as_full_screen_section=&#8221;no&#8221; type=&#8221;full_width&#8221; text_align=&#8221;left&#8221; css_animation=&#8221;&#8221; css=&#8221;.vc_custom_1499343110681{margin-bottom: 20px !important;padding-top: 10px !important;padding-bottom: 10px !important;background-color: #ffffff !important;border-radius: 10px !important;}&#8221;][vc_column width=&#8221;1\/2&#8243;][vc_column_text css=&#8221;.vc_custom_1517396062550{background-color: #ffffff !important;}&#8221;] Jornades i Seminaris t\u00e8cnics &nbsp; S\u00f3n les ferramentes perfectes per a una primera\u00a0presa de contacte o aprofundiment sobre els mercats d&#8217;oportunitat en qu\u00e8 estigues&#8230;<\/p>\n","protected":false},"author":2,"featured_media":0,"parent":21546,"menu_order":0,"comment_status":"closed","ping_status":"closed","template":"","meta":[],"_links":{"self":[{"href":"http:\/\/www.globalcv.es\/va\/wp-json\/wp\/v2\/pages\/21558"}],"collection":[{"href":"http:\/\/www.globalcv.es\/va\/wp-json\/wp\/v2\/pages"}],"about":[{"href":"http:\/\/www.globalcv.es\/va\/wp-json\/wp\/v2\/types\/page"}],"author":[{"embeddable":true,"href":"http:\/\/www.globalcv.es\/va\/wp-json\/wp\/v2\/users\/2"}],"replies":[{"embeddable":true,"href":"http:\/\/www.globalcv.es\/va\/wp-json\/wp\/v2\/comments?post=21558"}],"version-history":[{"count":10,"href":"http:\/\/www.globalcv.es\/va\/wp-json\/wp\/v2\/pages\/21558\/revisions"}],"predecessor-version":[{"id":22109,"href":"http:\/\/www.globalcv.es\/va\/wp-json\/wp\/v2\/pages\/21558\/revisions\/22109"}],"up":[{"embeddable":true,"href":"http:\/\/www.globalcv.es\/va\/wp-json\/wp\/v2\/pages\/21546"}],"wp:attachment":[{"href":"http:\/\/www.globalcv.es\/va\/wp-json\/wp\/v2\/media?parent=21558"}],"curies":[{"name":"wp","href":"https:\/\/api.w.org\/{rel}","templated":true}]}}