{"id":21560,"date":"2017-07-07T09:07:53","date_gmt":"2017-07-07T09:07:53","guid":{"rendered":"http:\/\/www.globalcv.es\/?page_id=21560\/"},"modified":"2018-02-20T12:34:47","modified_gmt":"2018-02-20T12:34:47","slug":"et-donem-suport-al-desti","status":"publish","type":"page","link":"http:\/\/www.globalcv.es\/va\/com-et-donem-suport\/et-donem-suport-al-desti\/","title":{"rendered":"ET DONEM SUPORT EN DEST\u00cd"},"content":{"rendered":"<p>[vc_row row_type=&#8221;row&#8221; use_row_as_full_screen_section=&#8221;no&#8221; type=&#8221;full_width&#8221; text_align=&#8221;left&#8221; css_animation=&#8221;&#8221; css=&#8221;.vc_custom_1513597101780{padding-top: 25px !important;padding-bottom: 25px !important;background-color: #ffffff !important;}&#8221;][vc_column width=&#8221;5\/6&#8243;][vc_column_text]Busques nous contactes comercials?<\/p>\n<p>Vols con\u00e8ixer les possibilitats del teu producte en un mercat concret?<\/p>\n<p>Busques un nou canal de distribuci\u00f3?[\/vc_column_text][\/vc_column][vc_column width=&#8221;1\/6&#8243;][\/vc_column][\/vc_row][vc_row row_type=&#8221;row&#8221; use_row_as_full_screen_section=&#8221;no&#8221; type=&#8221;full_width&#8221; text_align=&#8221;left&#8221; css_animation=&#8221;&#8221; css=&#8221;.vc_custom_1513597466346{margin-bottom: 20px !important;padding-top: 10px !important;padding-bottom: 50px !important;background-color: #ffffff !important;}&#8221;][vc_column width=&#8221;1\/3&#8243;][vc_column_text css=&#8221;.vc_custom_1518704115223{background-color: #ffffff !important;}&#8221;]<\/p>\n<h5 style=\"text-align: left;\"><a href=\"http:\/\/www.ivace.es\/index.php?option=com_content&amp;view=article&amp;id=6404:servicios-de-la-red-exterior-redex-2&amp;catid=310:servicios-internacionales&amp;lang=es\"><strong>Xarxa Exterior de IVACE<\/strong><\/a><\/h5>\n<p>&nbsp;<\/p>\n<p>30 Delegacions i antenes per a recolzar-te als principals mercats de dest\u00ed.<\/p>\n<p><!--: organizaci\u00f3n de misiones comerciales y ferias, b\u00fasqueda de clientes y\/o socios comerciales, agendas de contacto en destino, etc.-->[\/vc_column_text][\/vc_column][vc_column width=&#8221;1\/3&#8243;][vc_column_text css=&#8221;.vc_custom_1518704150493{background-color: #ffffff !important;}&#8221;]<\/p>\n<h5 style=\"text-align: left;\"><a href=\"http:\/\/www.icex.es\/icex\/es\/navegacion-principal\/todos-nuestros-servicios\/informacion-de-mercados\/paises\/mapa\/index.html\"><strong>Oficines Comercials en l&#8217;Exterior \u2013 ICEX<\/strong><\/a><\/h5>\n<p>&nbsp;<\/p>\n<p>98 Oficines econ\u00f2miques i comercials d&#8217;Espanya a l&#8217;exterior + 28 Centres de Negoci.[\/vc_column_text][\/vc_column][vc_column width=&#8221;1\/3&#8243;][vc_column_text css=&#8221;.vc_custom_1517314297642{background-color: #ffffff !important;}&#8221;]<\/p>\n<h5 style=\"text-align: left;\"><a href=\"http:\/\/www.comercio.gob.es\/ca-es\/comercio-exterior\/informacion-sobre-paises\/red-exterior\/red-camaras-oficiales\/pagines\/camaras.aspx\"><strong>Cambres de Comer\u00e7 en l&#8217;Exterior \u2013 CAMACOES<\/strong><\/a><\/h5>\n<p>&nbsp;<\/p>\n<p>Les CAMACOES ofereixen garanties i seguretat als clients: informaci\u00f3 sobre sectors d&#8217;oportunitat en els diferents mercats per al desenvolupament d&#8217;estrat\u00e8gies de promoci\u00f3 especialitzades, etc.[\/vc_column_text][\/vc_column][\/vc_row][vc_row row_type=&#8221;row&#8221; use_row_as_full_screen_section=&#8221;no&#8221; type=&#8221;full_width&#8221; text_align=&#8221;left&#8221; css_animation=&#8221;&#8221; css=&#8221;.vc_custom_1499340963158{margin-top: 10px !important;margin-bottom: 10px !important;}&#8221;][vc_column][vc_separator type=&#8221;normal&#8221; border_style=&#8221;&#8221;][\/vc_column][\/vc_row]<\/p>\n","protected":false},"excerpt":{"rendered":"<p>[vc_row row_type=&#8221;row&#8221; use_row_as_full_screen_section=&#8221;no&#8221; type=&#8221;full_width&#8221; text_align=&#8221;left&#8221; css_animation=&#8221;&#8221; css=&#8221;.vc_custom_1513597101780{padding-top: 25px !important;padding-bottom: 25px !important;background-color: #ffffff !important;}&#8221;][vc_column width=&#8221;5\/6&#8243;][vc_column_text]Busques nous contactes comercials? Vols con\u00e8ixer les possibilitats del teu producte en un mercat concret? Busques un nou canal de distribuci\u00f3?[\/vc_column_text][\/vc_column][vc_column width=&#8221;1\/6&#8243;][\/vc_column][\/vc_row][vc_row row_type=&#8221;row&#8221; use_row_as_full_screen_section=&#8221;no&#8221; type=&#8221;full_width&#8221; text_align=&#8221;left&#8221; css_animation=&#8221;&#8221; css=&#8221;.vc_custom_1513597466346{margin-bottom: 20px !important;padding-top: 10px !important;padding-bottom:&#8230;<\/p>\n","protected":false},"author":2,"featured_media":0,"parent":21546,"menu_order":0,"comment_status":"closed","ping_status":"closed","template":"","meta":[],"_links":{"self":[{"href":"http:\/\/www.globalcv.es\/va\/wp-json\/wp\/v2\/pages\/21560"}],"collection":[{"href":"http:\/\/www.globalcv.es\/va\/wp-json\/wp\/v2\/pages"}],"about":[{"href":"http:\/\/www.globalcv.es\/va\/wp-json\/wp\/v2\/types\/page"}],"author":[{"embeddable":true,"href":"http:\/\/www.globalcv.es\/va\/wp-json\/wp\/v2\/users\/2"}],"replies":[{"embeddable":true,"href":"http:\/\/www.globalcv.es\/va\/wp-json\/wp\/v2\/comments?post=21560"}],"version-history":[{"count":12,"href":"http:\/\/www.globalcv.es\/va\/wp-json\/wp\/v2\/pages\/21560\/revisions"}],"predecessor-version":[{"id":22243,"href":"http:\/\/www.globalcv.es\/va\/wp-json\/wp\/v2\/pages\/21560\/revisions\/22243"}],"up":[{"embeddable":true,"href":"http:\/\/www.globalcv.es\/va\/wp-json\/wp\/v2\/pages\/21546"}],"wp:attachment":[{"href":"http:\/\/www.globalcv.es\/va\/wp-json\/wp\/v2\/media?parent=21560"}],"curies":[{"name":"wp","href":"https:\/\/api.w.org\/{rel}","templated":true}]}}