{"id":22127,"date":"2018-01-31T13:14:35","date_gmt":"2018-01-31T13:14:35","guid":{"rendered":"http:\/\/www.globalcv.es\/?page_id=22127\/"},"modified":"2020-05-10T11:10:24","modified_gmt":"2020-05-10T11:10:24","slug":"agenda-2","status":"publish","type":"page","link":"http:\/\/www.globalcv.es\/va\/agenda-2\/","title":{"rendered":"Agenda."},"content":{"rendered":"<p>[vc_row row_type=&#8221;row&#8221; use_row_as_full_screen_section=&#8221;no&#8221; type=&#8221;grid&#8221; text_align=&#8221;left&#8221; background_color=&#8221;#ffffff&#8221; css_animation=&#8221;&#8221; css=&#8221;.vc_custom_1513768199339{padding-top: 30px !important;padding-bottom: 30px !important;}&#8221;][vc_column][vc_column_text css=&#8221;.vc_custom_1518779554957{padding-top: 25px !important;}&#8221;]<\/p>\n<h5><a href=\"http:\/\/www.agendainternacionalcv.com\/\">Porta sempre amb tu l&#8217;agenda de la Comunitat Valenciana<\/a><\/h5>\n<p><img decoding=\"async\" loading=\"lazy\" class=\"wp-image-22223 size-medium alignright\" src=\"http:\/\/www.globalcv.es\/wp-content\/uploads\/2018\/02\/capturaAgendaIntCV2-300x162.png\" alt=\"\" width=\"300\" height=\"162\" srcset=\"http:\/\/www.globalcv.es\/wp-content\/uploads\/2018\/02\/capturaAgendaIntCV2-300x162.png 300w, http:\/\/www.globalcv.es\/wp-content\/uploads\/2018\/02\/capturaAgendaIntCV2.png 567w\" sizes=\"(max-width: 300px) 100vw, 300px\" \/><\/p>\n<p>&nbsp;<\/p>\n<p>En esta agenda disposes de totes les activitats programades per les institucions en mat\u00e8ria d&#8217;internacionalitzaci\u00f3, dirigides a les empreses de la Comunitat Valenciana.[\/vc_column_text][\/vc_column][\/vc_row][vc_row row_type=&#8221;row&#8221; use_row_as_full_screen_section=&#8221;no&#8221; type=&#8221;full_width&#8221; text_align=&#8221;left&#8221; css_animation=&#8221;&#8221; css=&#8221;.vc_custom_1513768388899{padding-right: 20px !important;padding-bottom: 50px !important;padding-left: 20px !important;background-color: #ffffff !important;}&#8221;][vc_column width=&#8221;1\/6&#8243;][\/vc_column][vc_column width=&#8221;2\/3&#8243;][vc_column_text css=&#8221;.vc_custom_1513768360094{padding-bottom: 10px !important;}&#8221;]<\/p>\n<h3 style=\"text-align: left; padding-left: 120px;\">Descarrega la APP<\/h3>\n<p>[\/vc_column_text][vc_row_inner row_type=&#8221;row&#8221; type=&#8221;full_width&#8221; use_row_as_full_screen_section_slide=&#8221;no&#8221; text_align=&#8221;left&#8221; css_animation=&#8221;&#8221;][vc_column_inner width=&#8221;1\/2&#8243;]<a href=\"https:\/\/play.google.com\/store\/apps\/details?id=com.app_agendainternacional.layout\" target=\"_blank\"  class=\"qbutton \" style=\"border-radius: 5px;-moz-border-radius: 5px;-webkit-border-radius: 5px; background-color: #dd9933;\">Android<\/a>[\/vc_column_inner][vc_column_inner width=&#8221;1\/2&#8243;]<a href=\"https:\/\/itunes.apple.com\/es\/app\/agenda-internacional-cv\/id1109057495?mt=8\" target=\"_blank\"  class=\"qbutton \" style=\"border-radius: 5px;-moz-border-radius: 5px;-webkit-border-radius: 5px; background-color: #dd9933;\">Apple<\/a>[\/vc_column_inner][\/vc_row_inner][\/vc_column][\/vc_row][vc_row row_type=&#8221;row&#8221; use_row_as_full_screen_section=&#8221;no&#8221; type=&#8221;full_width&#8221; text_align=&#8221;left&#8221; css_animation=&#8221;&#8221;][vc_column]<div class=\"vc_row\" id=\"agenda_home\" style=\"margin-bottom:30px;margin-top:30px;\"><div class=\"vc_col vc_col-sm-3\"><H4>PROPERS ESDEVENIMENTS<\/H4>\n\t\t\t\t<p>Estos son los pr\u00f3ximos eventos que tenemos preparados para t\u00ed<\/p><select><option>Selecciona el tipo de evento<\/option><\/select><select><option>Selecciona tu ciudad<\/option><\/select><select><option>Cu\u00e1ndo<\/option><option>Esta semana<\/option><option>Pr\u00f3xima semana<\/option><\/select><\/div><div class=\"vc_col vc_col-sm-9\"><div class=\"evento_big\"><div class=\"fecha\"><span>15<\/span><br>May<br>10:30<\/div><h4><a href=\"http:\/\/www.agendainternacionalcv.com\/event\/social-commerce-destino-estados-unidos_-2\/\" target=\"_blank\">GLOBAL CV | Social Commerce: Destino Estados Unidos<\/a><\/h4><\/div><div class=\"evento_big\"><div class=\"fecha\"><span>15<\/span><br>May<br>10:30<\/div><h4><a href=\"http:\/\/www.agendainternacionalcv.com\/event\/social-commerce-destino-colombia_\/\" target=\"_blank\">GLOBAL CV | Social Commerce: Destino Colombia<\/a><\/h4><\/div><div class=\"evento_big\"><div class=\"fecha\"><span>17<\/span><br>May<br>09:00<\/div><h4><a href=\"http:\/\/www.agendainternacionalcv.com\/event\/mision-comercial-costa-rica-y-panama-2026\/\" target=\"_blank\">Misi\u00f3n Comercial Costa Rica y Panam\u00e1 2026<\/a><\/h4><\/div><div class=\"evento_big\"><div class=\"fecha\"><span>06<\/span><br>Jun<br>09:00<\/div><h4><a href=\"http:\/\/www.agendainternacionalcv.com\/event\/mision-comercial-argelia-y-egipto-2026\/\" target=\"_blank\">Misi\u00f3n Comercial Argelia y Egipto 2026<\/a><\/h4><\/div><div class=\"evento_big\"><div class=\"fecha\"><span>16<\/span><br>Jun<br>10:00<\/div><h4><a href=\"http:\/\/www.agendainternacionalcv.com\/event\/1606-webinar-jornada-pais-kazajistan-y-uzbekistan\/\" target=\"_blank\">16\/06 \u2013 Webinar | Jornada Pa\u00eds Kazajist\u00e1n y Uzbekist\u00e1n<\/a><\/h4><\/div><div class=\"evento_big\"><div class=\"fecha\"><span>26<\/span><br>Jun<br>10:30<\/div><h4><a href=\"http:\/\/www.agendainternacionalcv.com\/event\/social-commerce-destino-costa-de-marfil_\/\" target=\"_blank\">GLOBAL CV | Social Commerce: Destino Costa de Marfil<\/a><\/h4><\/div><div class=\"evento_big\"><div class=\"fecha\"><span>30<\/span><br>Jun<br>09:00<\/div><h4><a href=\"http:\/\/www.agendainternacionalcv.com\/event\/xpande-iniciacion-2026\/\" target=\"_blank\">Xpande Iniciaci\u00f3n 2026<\/a><\/h4><\/div><div class=\"evento_big\"><div class=\"fecha\"><span>05<\/span><br>Jul<br>09:00<\/div><h4><a href=\"http:\/\/www.agendainternacionalcv.com\/event\/mision-comercial-senegal-y-costa-de-marfil-2026\/\" target=\"_blank\">Misi\u00f3n Comercial Senegal y Costa de Marfil 2026<\/a><\/h4><\/div><div class=\"evento_big\"><div class=\"fecha\"><span>15<\/span><br>Sep<br>09:00<\/div><h4><a href=\"http:\/\/www.agendainternacionalcv.com\/event\/xpande-digital-2026\/\" target=\"_blank\">Xpande Digital 2026<\/a><\/h4><\/div><div class=\"evento_big\"><div class=\"fecha\"><span>18<\/span><br>Sep<br>10:30<\/div><h4><a href=\"http:\/\/www.agendainternacionalcv.com\/event\/social-commerce-destino-costa-rica_\/\" target=\"_blank\">GLOBAL CV | Social Commerce: Destino Costa Rica<\/a><\/h4><\/div><div class=\"evento_big\"><div class=\"fecha\"><span>22<\/span><br>Sep<br>09:00<\/div><h4><a href=\"http:\/\/www.agendainternacionalcv.com\/event\/participacion-agrupada-en-feria-marmomac-2026\/\" target=\"_blank\">Participaci\u00f3n Agrupada en Feria Marmomac 2026<\/a><\/h4><\/div><div class=\"evento_big\"><div class=\"fecha\"><span>16<\/span><br>Oct<br>10:30<\/div><h4><a href=\"http:\/\/www.agendainternacionalcv.com\/event\/social-commerce-destino-india_\/\" target=\"_blank\">GLOBAL CV | Social Commerce: Destino India<\/a><\/h4><\/div><div class=\"evento_big\"><div class=\"fecha\"><span>19<\/span><br>Oct<br>09:00<\/div><h4><a href=\"http:\/\/www.agendainternacionalcv.com\/event\/mision-comercial-kazajistan-y-uzbekistan-2026\/\" target=\"_blank\">Misi\u00f3n comercial Kazajist\u00e1n y Uzbekist\u00e1n 2026<\/a><\/h4><\/div><div class=\"evento_big\"><div class=\"fecha\"><span>30<\/span><br>Oct<br>10:30<\/div><h4><a href=\"http:\/\/www.agendainternacionalcv.com\/event\/social-commerce-destino-turquia_\/\" target=\"_blank\">GLOBAL CV | Social Commerce: Destino Turqu\u00eda<\/a><\/h4><\/div><div class=\"evento_big\"><div class=\"fecha\"><span>20<\/span><br>Nov<br>10:30<\/div><h4><a href=\"http:\/\/www.agendainternacionalcv.com\/event\/social-commerce-destino-reinounido_26\/\" target=\"_blank\">GLOBAL CV | Social Commerce: Reino Unido<\/a><\/h4><\/div><div class=\"evento_big\"><div class=\"fecha\"><span>22<\/span><br>Nov<br>09:00<\/div><h4><a href=\"http:\/\/www.agendainternacionalcv.com\/event\/mision-comercial-marruecos-2026\/\" target=\"_blank\">Misi\u00f3n comercial Marruecos 2026<\/a><\/h4><\/div><div class=\"evento_big\"><div class=\"fecha\"><span>30<\/span><br>Nov<br>09:00<\/div><h4><a href=\"http:\/\/www.agendainternacionalcv.com\/event\/mision-comercial-argentina-y-uruguay-2026\/\" target=\"_blank\">Misi\u00f3n comercial Argentina y Uruguay 2026<\/a><\/h4><\/div><\/div><script type=\"text\/javascript\">\n\t\t\t\t\n\t\t\tfunction actualiza_altos(){\n\t\t\t\tvar maxHeight = 0;\n\t\t\t\t\n\t\t\t\tjQuery(\".evento_big\").each(function(){\n\t\t\t\t\tif (jQuery(this).height() > maxHeight) { maxHeight = jQuery(this).height(); }\n\t\t\t\t});\n\t\t\t\n\t\t\t\tjQuery(\".evento_big\").height(maxHeight);\t\t\t\t\n\t\t\t}\n\t\t\t\t\n\t\t\tjQuery( document ).ready(function() {\n\t\t\t\tactualiza_altos();\t\n\t\t\t});\n\t\t\t\t\n\t\t\tjQuery( window ).load(function() {\n\t\t\t\tactualiza_altos();\t\n\t\t\t});\n\t\t\t\t\n\t\t\tvar addEvent = function(object, type, callback) {\n\t\t\t    if (object == null || typeof(object) == 'undefined') return;\n\t\t\t    if (object.addEventListener) {\n\t\t\t        object.addEventListener(type, callback, false);\n\t\t\t    } else if (object.attachEvent) {\n\t\t\t        object.attachEvent(\"on\" + type, callback);\n\t\t\t    } else {\n\t\t\t        object[\"on\"+type] = callback;\n\t\t\t    }\n\t\t\t};\n\t\t\t\n\t\t\t\n\t\t\taddEvent(window, \"resize\", function(event) {\n\t\t\t\n\t\t\t\tactualiza_altos();\n\t\t\t\t\n\t\t\t});\t\t\t\t\n\t\t\n\t\t<\/script><\/div>[\/vc_column][\/vc_row]<\/p>\n","protected":false},"excerpt":{"rendered":"<p>[vc_row row_type=&#8221;row&#8221; use_row_as_full_screen_section=&#8221;no&#8221; type=&#8221;grid&#8221; text_align=&#8221;left&#8221; background_color=&#8221;#ffffff&#8221; css_animation=&#8221;&#8221; css=&#8221;.vc_custom_1513768199339{padding-top: 30px !important;padding-bottom: 30px !important;}&#8221;][vc_column][vc_column_text css=&#8221;.vc_custom_1518779554957{padding-top: 25px !important;}&#8221;] Porta sempre amb tu l&#8217;agenda de la Comunitat Valenciana &nbsp; En esta agenda disposes de totes les activitats programades per les institucions en mat\u00e8ria d&#8217;internacionalitzaci\u00f3, dirigides a les empreses de&#8230;<\/p>\n","protected":false},"author":2,"featured_media":0,"parent":0,"menu_order":0,"comment_status":"open","ping_status":"open","template":"full_width.php","meta":[],"_links":{"self":[{"href":"http:\/\/www.globalcv.es\/va\/wp-json\/wp\/v2\/pages\/22127"}],"collection":[{"href":"http:\/\/www.globalcv.es\/va\/wp-json\/wp\/v2\/pages"}],"about":[{"href":"http:\/\/www.globalcv.es\/va\/wp-json\/wp\/v2\/types\/page"}],"author":[{"embeddable":true,"href":"http:\/\/www.globalcv.es\/va\/wp-json\/wp\/v2\/users\/2"}],"replies":[{"embeddable":true,"href":"http:\/\/www.globalcv.es\/va\/wp-json\/wp\/v2\/comments?post=22127"}],"version-history":[{"count":9,"href":"http:\/\/www.globalcv.es\/va\/wp-json\/wp\/v2\/pages\/22127\/revisions"}],"predecessor-version":[{"id":22461,"href":"http:\/\/www.globalcv.es\/va\/wp-json\/wp\/v2\/pages\/22127\/revisions\/22461"}],"wp:attachment":[{"href":"http:\/\/www.globalcv.es\/va\/wp-json\/wp\/v2\/media?parent=22127"}],"curies":[{"name":"wp","href":"https:\/\/api.w.org\/{rel}","templated":true}]}}