{"id":22146,"date":"2018-02-02T11:41:43","date_gmt":"2018-02-02T11:41:43","guid":{"rendered":"http:\/\/www.globalcv.es\/?page_id=22146\/"},"modified":"2020-05-11T11:14:13","modified_gmt":"2020-05-11T11:14:13","slug":"forums-i-congressos","status":"publish","type":"page","link":"http:\/\/www.globalcv.es\/va\/com-et-donem-suport\/forums-i-congressos\/","title":{"rendered":"F\u00d2RUMS I CONGRESSOS"},"content":{"rendered":"<p>[vc_row row_type=&#8221;row&#8221; use_row_as_full_screen_section=&#8221;no&#8221; type=&#8221;full_width&#8221; text_align=&#8221;left&#8221; css_animation=&#8221;&#8221; css=&#8221;.vc_custom_1513611789063{margin-bottom: 20px !important;padding-top: 10px !important;padding-bottom: 50px !important;background-color: #ffffff !important;border-radius: 10px !important;}&#8221;][vc_column width=&#8221;1\/4&#8243;][\/vc_column][vc_column width=&#8221;3\/4&#8243;][vc_column_text css=&#8221;.vc_custom_1589195531947{padding-bottom: 25px !important;background-color: #ffffff !important;}&#8221;]<\/p>\n<h5>V CONGR\u00c9S GO GLOBAL<\/h5>\n<h5><a href=\"https:\/\/congresogoglobal.com\/es\/index\"><img decoding=\"async\" loading=\"lazy\" class=\"alignright\" src=\"http:\/\/congresogoglobal.com\/images\/logo.png\" alt=\"logo Go Global\" width=\"145\" height=\"123\" \/><\/a><\/h5>\n<p style=\"text-align: justify;\">En 2020, <strong>la cinquena edici\u00f3 del Congr\u00e9s<\/strong>\u00a0<strong>Go Global<\/strong>, prevista per al mes de juny, <strong>s&#8217;ha vist ajornada per la pand\u00e8mia provocada pel Covid-19<\/strong><\/p>\n<p style=\"text-align: justify;\">P\u00e0gina web: <a href=\"http:\/\/www.congresogoglobal.com\/\"><strong>www.congresogoglobal.com\/<\/strong><\/a><\/p>\n<p>[\/vc_column_text][\/vc_column][\/vc_row][vc_row row_type=&#8221;row&#8221; use_row_as_full_screen_section=&#8221;no&#8221; type=&#8221;full_width&#8221; text_align=&#8221;left&#8221; css_animation=&#8221;&#8221; css=&#8221;.vc_custom_1513611797782{margin-bottom: 20px !important;padding-top: 10px !important;padding-bottom: 50px !important;background-color: #ffffff !important;border-radius: 10px !important;}&#8221;][vc_column width=&#8221;1\/4&#8243;][\/vc_column][vc_column width=&#8221;3\/4&#8243;][vc_column_text css=&#8221;.vc_custom_1589195617786{background-color: #ffffff !important;}&#8221;]<\/p>\n<h5>III F\u00d2RUM D&#8217;INTEL\u00b7LIG\u00c8NCIA COMPETITIVA PER A la INTERNACIONALITZACI\u00d3 \u2013 CINTELIGENCIA<\/h5>\n<p><img decoding=\"async\" loading=\"lazy\" class=\"alignright wp-image-22349 \" src=\"http:\/\/www.globalcv.es\/wp-content\/uploads\/2018\/02\/Foro-300x300-e1589111487937-150x150.jpg\" alt=\"\" width=\"200\" height=\"200\" \/><\/p>\n<p>Descobreix les claus per a la internacionalitzaci\u00f3 de la teua empresa a trav\u00e9s de quatre blocs tem\u00e0tics:<\/p>\n<p>INTEL\u00b7LIG\u00c8NCIA \u2013 Transforma la informaci\u00f3 en coneixement, per a competir de manera diferent<\/p>\n<p>INNOVACI\u00d3 \u2013 Adapta el teu producte abans de llan\u00e7ar-te en un projecte d&#8217;internacionalitzaci\u00f3<\/p>\n<p>COMERCIALITZACI\u00d3 \u2013 Identifica n\u00ednxols d&#8217;oportunitat per a accedir a nous clients<\/p>\n<p>DISTRIBUCI\u00d3 \u2013 Tra\u00e7a la teua estrat\u00e8gia internacional sobre la base de nous canals de distribuci\u00f3<\/p>\n<p>M\u00e9s informaci\u00f3:<\/p>\n<p><strong>Cinteligencia Castell\u00f3 (1 de desembre de 2020):<\/strong><\/p>\n<p>www.cinteligencia.com\/castellon<\/p>\n<p><strong>Cinteligencia Alacant (2 de desembre de 2020):<\/strong><\/p>\n<p>www.cinteligencia.com\/alicante[\/vc_column_text][\/vc_column][\/vc_row][vc_row row_type=&#8221;row&#8221; use_row_as_full_screen_section=&#8221;no&#8221; type=&#8221;full_width&#8221; text_align=&#8221;left&#8221; css_animation=&#8221;&#8221; css=&#8221;.vc_custom_1513611806142{margin-bottom: 20px !important;padding-top: 10px !important;padding-bottom: 50px !important;background-color: #ffffff !important;border-radius: 10px !important;}&#8221;][vc_column width=&#8221;1\/4&#8243;][\/vc_column][\/vc_row][vc_row row_type=&#8221;row&#8221; use_row_as_full_screen_section=&#8221;no&#8221; type=&#8221;full_width&#8221; text_align=&#8221;left&#8221; css_animation=&#8221;&#8221; css=&#8221;.vc_custom_1499340963158{margin-top: 10px !important;margin-bottom: 10px !important;}&#8221;][vc_column][vc_separator type=&#8221;normal&#8221; border_style=&#8221;&#8221;][\/vc_column][\/vc_row]<\/p>\n","protected":false},"excerpt":{"rendered":"<p>[vc_row row_type=&#8221;row&#8221; use_row_as_full_screen_section=&#8221;no&#8221; type=&#8221;full_width&#8221; text_align=&#8221;left&#8221; css_animation=&#8221;&#8221; css=&#8221;.vc_custom_1513611789063{margin-bottom: 20px !important;padding-top: 10px !important;padding-bottom: 50px !important;background-color: #ffffff !important;border-radius: 10px !important;}&#8221;][vc_column width=&#8221;1\/4&#8243;][\/vc_column][vc_column width=&#8221;3\/4&#8243;][vc_column_text css=&#8221;.vc_custom_1589195531947{padding-bottom: 25px !important;background-color: #ffffff !important;}&#8221;] V CONGR\u00c9S GO GLOBAL En 2020, la cinquena edici\u00f3 del Congr\u00e9s\u00a0Go Global, prevista per al mes de juny, s&#8217;ha vist ajornada&#8230;<\/p>\n","protected":false},"author":2,"featured_media":0,"parent":21546,"menu_order":0,"comment_status":"closed","ping_status":"closed","template":"","meta":[],"_links":{"self":[{"href":"http:\/\/www.globalcv.es\/va\/wp-json\/wp\/v2\/pages\/22146"}],"collection":[{"href":"http:\/\/www.globalcv.es\/va\/wp-json\/wp\/v2\/pages"}],"about":[{"href":"http:\/\/www.globalcv.es\/va\/wp-json\/wp\/v2\/types\/page"}],"author":[{"embeddable":true,"href":"http:\/\/www.globalcv.es\/va\/wp-json\/wp\/v2\/users\/2"}],"replies":[{"embeddable":true,"href":"http:\/\/www.globalcv.es\/va\/wp-json\/wp\/v2\/comments?post=22146"}],"version-history":[{"count":19,"href":"http:\/\/www.globalcv.es\/va\/wp-json\/wp\/v2\/pages\/22146\/revisions"}],"predecessor-version":[{"id":22491,"href":"http:\/\/www.globalcv.es\/va\/wp-json\/wp\/v2\/pages\/22146\/revisions\/22491"}],"up":[{"embeddable":true,"href":"http:\/\/www.globalcv.es\/va\/wp-json\/wp\/v2\/pages\/21546"}],"wp:attachment":[{"href":"http:\/\/www.globalcv.es\/va\/wp-json\/wp\/v2\/media?parent=22146"}],"curies":[{"name":"wp","href":"https:\/\/api.w.org\/{rel}","templated":true}]}}